{"id":11,"date":"2024-11-20T19:29:39","date_gmt":"2024-11-20T19:29:39","guid":{"rendered":"https:\/\/sahgrafik.com.tr\/?page_id=11"},"modified":"2024-11-20T20:28:52","modified_gmt":"2024-11-20T20:28:52","slug":"ana-sayfa","status":"publish","type":"page","link":"https:\/\/sahgrafik.com.tr\/","title":{"rendered":"Ana Sayfa"},"content":{"rendered":"\n<div class=\"wp-block-cover alignfull is-light\" style=\"min-height:720px;aspect-ratio:unset;\"><span aria-hidden=\"true\" class=\"wp-block-cover__background has-background-dim-100 has-background-dim has-background-gradient\" style=\"background:linear-gradient(35deg,rgb(6,0,151) 0%,rgb(130,4,255) 73%,rgb(193,15,255) 100%)\"><\/span><div class=\"wp-block-cover__inner-container is-layout-flow wp-block-cover-is-layout-flow\">\n<div class=\"inherit-container-width wp-block-group alignwide is-layout-constrained wp-block-group-is-layout-constrained\">\n<div class=\"wp-block-media-text alignwide has-media-on-the-right is-stacked-on-mobile is-vertically-aligned-center\" style=\"grid-template-columns:auto 43%\"><div class=\"wp-block-media-text__content\">\n<h1 class=\"wp-block-heading has-text-align-left has-white-color has-text-color\">Grafik Tasar\u0131m Hizmetleri<\/h1>\n\n\n\n<p class=\"has-cyan-bluish-gray-color has-text-color has-link-color wp-elements-836cc700371a14cdd43ce0062995608b\"><br>Yarat\u0131c\u0131 fikirleri g\u00f6rsel sanatlara d\u00f6n\u00fc\u015ft\u00fcr\u00fcyoruz! Logo tasar\u0131m\u0131, kurumsal kimlik, sosyal medya g\u00f6rselleri ve daha fazlas\u0131yla markan\u0131z\u0131n ihtiya\u00e7lar\u0131na \u00f6zel \u00e7\u00f6z\u00fcmler sunuyoruz.&nbsp;<\/p>\n\n\n\n<div class=\"wp-block-buttons is-layout-flex wp-block-buttons-is-layout-flex\">\n<div class=\"wp-block-button\"><a class=\"wp-block-button__link wp-element-button\" href=\"#\">Bilgi Al<\/a><\/div>\n<\/div>\n<\/div><figure class=\"wp-block-media-text__media\"><img decoding=\"async\" src=\"https:\/\/sahgrafik.com.tr\/wp-content\/themes\/astra\/inc\/assets\/images\/starter-content\/hero-img.svg\" alt=\"\" class=\"wp-image-118 size-full\"\/><\/figure><\/div>\n<\/div>\n<\/div><\/div>\n\n\n\n<div class=\"wp-block-group alignwide has-ast-global-color-5-background-color has-background is-content-justification-center is-layout-constrained wp-container-core-group-is-layout-6c94702f wp-block-group-is-layout-constrained\" style=\"padding-bottom:0px\">\n<div class=\"wp-block-columns is-layout-flex wp-container-core-columns-is-layout-00723822 wp-block-columns-is-layout-flex\">\n<div class=\"wp-block-column is-vertically-aligned-top is-layout-flow wp-container-core-column-is-layout-6b73ce23 wp-block-column-is-layout-flow\">\n<div class=\"wp-block-columns is-layout-flex wp-container-core-columns-is-layout-a5331a9e wp-block-columns-is-layout-flex\" style=\"border-radius:0px;padding-top:0;padding-right:0;padding-bottom:0;padding-left:0\">\n<div class=\"wp-block-column is-layout-flow wp-block-column-is-layout-flow\" style=\"flex-basis:100%\">\n<figure class=\"wp-block-image aligncenter size-large\"><img decoding=\"async\" src=\"https:\/\/sahgrafik.com.tr\/wp-content\/themes\/astra\/inc\/assets\/images\/starter-content\/building.svg\" alt=\"\" class=\"wp-image-134\"\/><\/figure>\n<\/div>\n<\/div>\n\n\n\n<h3 class=\"wp-block-heading has-text-align-center\" style=\"margin-top:16px\">Yerel \u0130\u015fletme<\/h3>\n\n\n\n<p class=\"has-text-align-center\"><\/p>\n<\/div>\n\n\n\n<div class=\"wp-block-column is-vertically-aligned-top is-layout-flow wp-container-core-column-is-layout-6b73ce23 wp-block-column-is-layout-flow\">\n<figure class=\"wp-block-image aligncenter size-large\"><img decoding=\"async\" src=\"https:\/\/sahgrafik.com.tr\/wp-content\/themes\/astra\/inc\/assets\/images\/starter-content\/shopping-bag.svg\" alt=\"\" class=\"wp-image-135\"\/><\/figure>\n\n\n\n<h3 class=\"wp-block-heading has-text-align-center\" style=\"margin-top:16px\">Online Ma\u011fza<\/h3>\n\n\n\n<p class=\"has-text-align-center\"><\/p>\n<\/div>\n\n\n\n<div class=\"wp-block-column is-vertically-aligned-top is-layout-flow wp-container-core-column-is-layout-6b73ce23 wp-block-column-is-layout-flow\">\n<figure class=\"wp-block-image aligncenter size-large\"><img decoding=\"async\" src=\"https:\/\/sahgrafik.com.tr\/wp-content\/themes\/astra\/inc\/assets\/images\/starter-content\/portfolio.svg\" alt=\"\" class=\"wp-image-137\"\/><\/figure>\n\n\n\n<h3 class=\"wp-block-heading has-text-align-center\" style=\"margin-top:16px\">Portf\u00f6y<\/h3>\n\n\n\n<p class=\"has-text-align-center\"><\/p>\n<\/div>\n<\/div>\n<\/div>\n\n\n\n<div class=\"wp-block-group alignfull is-layout-constrained wp-container-core-group-is-layout-45b0ac4f wp-block-group-is-layout-constrained\" id=\"services\" style=\"padding-top:144px;padding-bottom:0px\">\n<h2 class=\"wp-block-heading\">Hizmetlerimiz<\/h2>\n\n\n\n<div class=\"wp-block-columns is-layout-flex wp-container-core-columns-is-layout-60cbf9bb wp-block-columns-is-layout-flex\" style=\"margin-top:50px\">\n<div class=\"wp-block-column is-layout-flow wp-container-core-column-is-layout-6b73ce23 wp-block-column-is-layout-flow\">\n<figure class=\"wp-block-image size-full\"><img decoding=\"async\" src=\"https:\/\/sahgrafik.com.tr\/wp-content\/themes\/astra\/inc\/assets\/images\/starter-content\/branding.jpg\" alt=\"\" class=\"wp-image-230\"\/><\/figure>\n\n\n\n<h3 class=\"wp-block-heading\" style=\"margin-top:16px\">Marka Tasar\u0131m\u0131<\/h3>\n\n\n\n<p>Markan\u0131z\u0131n hikayesini g\u00fc\u00e7l\u00fc bir kimlikle anlat\u0131n.<\/p>\n<\/div>\n\n\n\n<div class=\"wp-block-column is-layout-flow wp-container-core-column-is-layout-6b73ce23 wp-block-column-is-layout-flow\">\n<figure class=\"wp-block-image size-full\"><img decoding=\"async\" src=\"https:\/\/sahgrafik.com.tr\/wp-content\/themes\/astra\/inc\/assets\/images\/starter-content\/graphic.jpg\" alt=\"\" class=\"wp-image-232\"\/><\/figure>\n\n\n\n<h3 class=\"wp-block-heading\" style=\"margin-top:16px\">Grafik Tasar\u0131m<\/h3>\n\n\n\n<p>Yarat\u0131c\u0131 fikirlerle g\u00f6rsel d\u00fcnyan\u0131z\u0131 yeniden \u015fekillendirin.<\/p>\n<\/div>\n\n\n\n<div class=\"wp-block-column is-layout-flow wp-container-core-column-is-layout-6b73ce23 wp-block-column-is-layout-flow\">\n<figure class=\"wp-block-image size-full\"><img decoding=\"async\" src=\"https:\/\/sahgrafik.com.tr\/wp-content\/themes\/astra\/inc\/assets\/images\/starter-content\/web.jpg\" alt=\"\" class=\"wp-image-231\"\/><\/figure>\n\n\n\n<h3 class=\"wp-block-heading\" style=\"margin-top:16px\">Web Kodlama<\/h3>\n\n\n\n<p>Modern, h\u0131zl\u0131 ve kullan\u0131c\u0131 dostu web \u00e7\u00f6z\u00fcmleri<\/p>\n<\/div>\n<\/div>\n<\/div>\n\n\n\n<div class=\"wp-block-group alignfull has-ast-global-color-5-background-color has-background is-layout-constrained wp-container-core-group-is-layout-94d206d0 wp-block-group-is-layout-constrained\" id=\"about\" style=\"padding-top:143px;padding-bottom:144px\">\n<div class=\"wp-block-media-text has-media-on-the-right is-stacked-on-mobile is-vertically-aligned-center\"><div class=\"wp-block-media-text__content\">\n<div class=\"inherit-container-width wp-block-group is-layout-constrained wp-container-core-group-is-layout-47ce07ec wp-block-group-is-layout-constrained\" style=\"padding-right:80px\">\n<h2 class=\"wp-block-heading\" style=\"padding-right:40px\">Hakk\u0131m\u0131zda<\/h2>\n\n\n\n<p><br>Yarat\u0131c\u0131 fikirleri g\u00f6rsel sanatlara d\u00f6n\u00fc\u015ft\u00fcr\u00fcyoruz! Logo tasar\u0131m\u0131, kurumsal kimlik, sosyal medya g\u00f6rselleri ve daha fazlas\u0131yla markan\u0131z\u0131n ihtiya\u00e7lar\u0131na \u00f6zel \u00e7\u00f6z\u00fcmler sunuyoruz. <\/p>\n\n\n\n<p>Ayr\u0131ca, tasar\u0131mlar\u0131n\u0131z\u0131 kaliteli matbaa bask\u0131s\u0131yla hayata ge\u00e7iriyor, bro\u015f\u00fcr, katalog, kartvizit ve di\u011fer bas\u0131l\u0131 materyalleriniz i\u00e7in u\u00e7tan uca hizmet sa\u011fl\u0131yoruz. Hem dijital hem de fiziksel tasar\u0131m ihtiya\u00e7lar\u0131n\u0131z i\u00e7in profesyonel destek al\u0131n.<\/p>\n<\/div>\n<\/div><figure class=\"wp-block-media-text__media\"><img decoding=\"async\" src=\"https:\/\/sahgrafik.com.tr\/wp-content\/themes\/astra\/inc\/assets\/images\/starter-content\/about-us.jpg\" alt=\"\" class=\"wp-image-237 size-full\"\/><\/figure><\/div>\n<\/div>\n\n\n\n<div class=\"wp-block-group alignfull is-content-justification-center is-layout-constrained wp-container-core-group-is-layout-7014a888 wp-block-group-is-layout-constrained\" style=\"padding-top:var(--wp--preset--spacing--70);padding-bottom:var(--wp--preset--spacing--70)\">\n<div class=\"wp-block-group alignfull has-ast-global-color-4-background-color has-background is-layout-constrained wp-container-core-group-is-layout-9cb91f4d wp-block-group-is-layout-constrained\" id=\"reviews\">\n<figure class=\"wp-block-image aligncenter size-full\"><img decoding=\"async\" src=\"https:\/\/sahgrafik.com.tr\/wp-content\/themes\/astra\/inc\/assets\/images\/starter-content\/avatar.png\" alt=\"\" class=\"wp-image-235\"\/><\/figure>\n\n\n\n<div class=\"wp-block-columns is-layout-flex wp-container-core-columns-is-layout-7389a5db wp-block-columns-is-layout-flex\" style=\"border-style:none;border-width:0px;margin-top:0;margin-bottom:0;padding-right:0;padding-left:0\">\n<div class=\"wp-block-column is-layout-flow wp-block-column-is-layout-flow\" style=\"flex-basis:100%\">\n<p class=\"has-text-align-center\" style=\"font-size:22px;line-height:1.6\">\u201cMarkam\u0131z\u0131n kimli\u011fini olu\u015fturma s\u00fcrecinde ekiple \u00e7al\u0131\u015fmak harika bir deneyimdi. \u0130lk g\u00f6r\u00fc\u015fmeden son teslimata kadar her a\u015famada profesyonelliklerini ve yarat\u0131c\u0131l\u0131klar\u0131n\u0131 g\u00f6sterdiler. Grafik tasar\u0131mlar, beklentilerimizin \u00e7ok \u00f6tesindeydi, ve ayn\u0131 zamanda matbaa bask\u0131lar\u0131n\u0131n kalitesi de m\u00fckemmeldi. Web sitemizin tasar\u0131m ve kodlama s\u00fcreci ise h\u0131zl\u0131 ve sorunsuz bir \u015fekilde tamamland\u0131. Her konuda bize destek oldular ve i\u015fimize ger\u00e7ekten de\u011fer katt\u0131lar. Kesinlikle tavsiye ediyorum!\u201d<\/p>\n<\/div>\n<\/div>\n\n\n\n<p class=\"has-text-align-center\"><strong>Hakan Y\u0131lmaz<\/strong><\/p>\n<\/div>\n<\/div>\n\n\n\n<div class=\"wp-block-group alignfull is-layout-constrained wp-block-group-is-layout-constrained\" id=\"whyus\" style=\"padding-top:70px;padding-bottom:70px\">\n<h2 class=\"wp-block-heading\">Neden Biz?<\/h2>\n\n\n\n<div class=\"wp-block-columns is-layout-flex wp-container-core-columns-is-layout-29aadeec wp-block-columns-is-layout-flex\" style=\"margin-top:60px\">\n<div class=\"wp-block-column is-layout-flow wp-container-core-column-is-layout-6b73ce23 wp-block-column-is-layout-flow\">\n<figure class=\"wp-block-image aligncenter size-large\"><img decoding=\"async\" src=\"https:\/\/sahgrafik.com.tr\/wp-content\/themes\/astra\/inc\/assets\/images\/starter-content\/passionate.svg\" alt=\"\" class=\"wp-image-162\"\/><\/figure>\n\n\n\n<h3 class=\"wp-block-heading has-text-align-center\" style=\"margin-top:16px\">Tutkulu<\/h3>\n\n\n\n<p><br>Her projeye ayn\u0131 heyecan ve \u00f6zenle yakla\u015f\u0131yoruz. Tasar\u0131mda tutkumuz, size \u00f6zg\u00fcn ve etkileyici \u00e7\u00f6z\u00fcmler sunmam\u0131z\u0131 sa\u011fl\u0131yor. Markan\u0131z\u0131n kimli\u011fini ve mesaj\u0131n\u0131 en iyi \u015fekilde yans\u0131tan tasar\u0131mlar i\u00e7in yarat\u0131c\u0131 enerjimizi daima \u00fcst seviyede tutuyoruz<\/p>\n<\/div>\n\n\n\n<div class=\"wp-block-column is-layout-flow wp-container-core-column-is-layout-6b73ce23 wp-block-column-is-layout-flow\">\n<figure class=\"wp-block-image aligncenter size-large\"><img decoding=\"async\" src=\"https:\/\/sahgrafik.com.tr\/wp-content\/themes\/astra\/inc\/assets\/images\/starter-content\/professional.svg\" alt=\"\" class=\"wp-image-163\"\/><\/figure>\n\n\n\n<h3 class=\"wp-block-heading has-text-align-center\" style=\"margin-top:16px\">Profesyonel<\/h3>\n\n\n\n<p><br>Y\u0131llar\u0131n deneyimi ve uzmanl\u0131kla i\u015flerimizi en ince detay\u0131na kadar planl\u0131yoruz. \u0130htiya\u00e7lar\u0131n\u0131z\u0131 analiz ediyor, sekt\u00f6rdeki yenilikleri takip ederek en g\u00fcncel ve etkili tasar\u0131m \u00e7\u00f6z\u00fcmlerini sunuyoruz. \u0130\u015finize de\u011fer katan sonu\u00e7lara ula\u015fmak i\u00e7in disiplinli ve profesyonel bir yakla\u015f\u0131m sergiliyoruz.<\/p>\n<\/div>\n\n\n\n<div class=\"wp-block-column is-layout-flow wp-container-core-column-is-layout-6b73ce23 wp-block-column-is-layout-flow\">\n<figure class=\"wp-block-image aligncenter size-large\"><img decoding=\"async\" src=\"https:\/\/sahgrafik.com.tr\/wp-content\/themes\/astra\/inc\/assets\/images\/starter-content\/support.svg\" alt=\"\" class=\"wp-image-164\"\/><\/figure>\n\n\n\n<h3 class=\"wp-block-heading has-text-align-center\" style=\"margin-top:16px\">Destek<\/h3>\n\n\n\n<p><br>Sadece hizmet sunmakla kalm\u0131yor, ayn\u0131 zamanda sizinle birlikte b\u00fcy\u00fcyen bir i\u015f orta\u011f\u0131 oluyoruz. Proje \u00f6ncesinde, s\u0131ras\u0131nda ve sonras\u0131nda ihtiya\u00e7lar\u0131n\u0131za g\u00f6re her ad\u0131mda yan\u0131n\u0131zday\u0131z. Sorular\u0131n\u0131z\u0131 yan\u0131tl\u0131yor, h\u0131zl\u0131 \u00e7\u00f6z\u00fcmler \u00fcretiyor ve tam bir m\u00fc\u015fteri memnuniyeti sa\u011fl\u0131yoruz.<\/p>\n<\/div>\n<\/div>\n<\/div>\n\n\n\n<div class=\"wp-block-group alignfull has-background is-layout-constrained wp-container-core-group-is-layout-cfcca693 wp-block-group-is-layout-constrained\" id=\"contact\" style=\"background:linear-gradient(35deg,rgb(6,0,151) 0%,rgb(130,4,255) 64%,rgb(193,15,255) 98%);padding-top:104px;padding-bottom:104px\">\n<h2 class=\"wp-block-heading has-text-align-center has-text-color\" style=\"color:#ffffff\">Bug\u00fcn profesyonel bir Tasar\u0131ma sahip olun!<\/h2>\n\n\n\n<div class=\"wp-block-buttons alignwide is-horizontal is-content-justification-center is-layout-flex wp-container-core-buttons-is-layout-bba8380a wp-block-buttons-is-layout-flex\" style=\"margin-top:50px\">\n<div class=\"wp-block-button\"><a class=\"wp-block-button__link wp-element-button\">Bilgi Al<\/a><\/div>\n<\/div>\n<\/div>\n\n\n\n<p><\/p>\n","protected":false},"excerpt":{"rendered":"<p>Yerel \u0130\u015fletme Online Ma\u011fza Portf\u00f6y Hizmetlerimiz Marka Tasar\u0131m\u0131 Markan\u0131z\u0131n hikayesini g\u00fc\u00e7l\u00fc bir kimlikle anlat\u0131n. Grafik Tasar\u0131m Yarat\u0131c\u0131 fikirlerle g\u00f6rsel d\u00fcnyan\u0131z\u0131 [&hellip;]<\/p>\n","protected":false},"author":1,"featured_media":0,"parent":0,"menu_order":0,"comment_status":"closed","ping_status":"closed","template":"","meta":{"site-sidebar-layout":"no-sidebar","site-content-layout":"plain-container","ast-site-content-layout":"","site-content-style":"default","site-sidebar-style":"default","ast-global-header-display":"","ast-banner-title-visibility":"","ast-main-header-display":"","ast-hfb-above-header-display":"","ast-hfb-below-header-display":"","ast-hfb-mobile-header-display":"","site-post-title":"disabled","ast-breadcrumbs-content":"","ast-featured-img":"","footer-sml-layout":"","theme-transparent-header-meta":"enabled","adv-header-id-meta":"","stick-header-meta":"","header-above-stick-meta":"","header-main-stick-meta":"","header-below-stick-meta":"","astra-migrate-meta-layouts":"default","ast-page-background-enabled":"default","ast-page-background-meta":{"desktop":{"background-color":"var(--ast-global-color-4)","background-image":"","background-repeat":"repeat","background-position":"center center","background-size":"auto","background-attachment":"scroll","background-type":"","background-media":"","overlay-type":"","overlay-color":"","overlay-opacity":"","overlay-gradient":""},"tablet":{"background-color":"","background-image":"","background-repeat":"repeat","background-position":"center center","background-size":"auto","background-attachment":"scroll","background-type":"","background-media":"","overlay-type":"","overlay-color":"","overlay-opacity":"","overlay-gradient":""},"mobile":{"background-color":"","background-image":"","background-repeat":"repeat","background-position":"center center","background-size":"auto","background-attachment":"scroll","background-type":"","background-media":"","overlay-type":"","overlay-color":"","overlay-opacity":"","overlay-gradient":""}},"ast-content-background-meta":{"desktop":{"background-color":"var(--ast-global-color-5)","background-image":"","background-repeat":"repeat","background-position":"center center","background-size":"auto","background-attachment":"scroll","background-type":"","background-media":"","overlay-type":"","overlay-color":"","overlay-opacity":"","overlay-gradient":""},"tablet":{"background-color":"var(--ast-global-color-5)","background-image":"","background-repeat":"repeat","background-position":"center center","background-size":"auto","background-attachment":"scroll","background-type":"","background-media":"","overlay-type":"","overlay-color":"","overlay-opacity":"","overlay-gradient":""},"mobile":{"background-color":"var(--ast-global-color-5)","background-image":"","background-repeat":"repeat","background-position":"center center","background-size":"auto","background-attachment":"scroll","background-type":"","background-media":"","overlay-type":"","overlay-color":"","overlay-opacity":"","overlay-gradient":""}},"footnotes":""},"class_list":["post-11","page","type-page","status-publish","hentry"],"yoast_head":"<!-- This site is optimized with the Yoast SEO plugin v23.9 - https:\/\/yoast.com\/wordpress\/plugins\/seo\/ -->\n<title>Ana Sayfa - \u015eAH Grafik Tasar\u0131m<\/title>\n<meta name=\"robots\" content=\"index, follow, max-snippet:-1, max-image-preview:large, max-video-preview:-1\" \/>\n<link rel=\"canonical\" href=\"https:\/\/sahgrafik.com.tr\/\" \/>\n<meta property=\"og:locale\" content=\"tr_TR\" \/>\n<meta property=\"og:type\" content=\"article\" \/>\n<meta property=\"og:title\" content=\"Ana Sayfa - \u015eAH Grafik Tasar\u0131m\" \/>\n<meta property=\"og:description\" content=\"Yerel \u0130\u015fletme Online Ma\u011fza Portf\u00f6y Hizmetlerimiz Marka Tasar\u0131m\u0131 Markan\u0131z\u0131n hikayesini g\u00fc\u00e7l\u00fc bir kimlikle anlat\u0131n. Grafik Tasar\u0131m Yarat\u0131c\u0131 fikirlerle g\u00f6rsel d\u00fcnyan\u0131z\u0131 [&hellip;]\" \/>\n<meta property=\"og:url\" content=\"https:\/\/sahgrafik.com.tr\/\" \/>\n<meta property=\"og:site_name\" content=\"\u015eAH Grafik Tasar\u0131m\" \/>\n<meta property=\"article:modified_time\" content=\"2024-11-20T20:28:52+00:00\" \/>\n<meta property=\"og:image\" content=\"https:\/\/sahgrafik.com.tr\/wp-content\/themes\/astra\/inc\/assets\/images\/starter-content\/hero-img.svg\" \/>\n<meta name=\"twitter:card\" content=\"summary_large_image\" \/>\n<meta name=\"twitter:label1\" content=\"Tahmini okuma s\u00fcresi\" \/>\n\t<meta name=\"twitter:data1\" content=\"5 dakika\" \/>\n<script type=\"application\/ld+json\" class=\"yoast-schema-graph\">{\"@context\":\"https:\/\/schema.org\",\"@graph\":[{\"@type\":\"WebPage\",\"@id\":\"https:\/\/sahgrafik.com.tr\/\",\"url\":\"https:\/\/sahgrafik.com.tr\/\",\"name\":\"Ana Sayfa - \u015eAH Grafik Tasar\u0131m\",\"isPartOf\":{\"@id\":\"https:\/\/sahgrafik.com.tr\/#website\"},\"primaryImageOfPage\":{\"@id\":\"https:\/\/sahgrafik.com.tr\/#primaryimage\"},\"image\":{\"@id\":\"https:\/\/sahgrafik.com.tr\/#primaryimage\"},\"thumbnailUrl\":\"https:\/\/sahgrafik.com.tr\/wp-content\/themes\/astra\/inc\/assets\/images\/starter-content\/hero-img.svg\",\"datePublished\":\"2024-11-20T19:29:39+00:00\",\"dateModified\":\"2024-11-20T20:28:52+00:00\",\"breadcrumb\":{\"@id\":\"https:\/\/sahgrafik.com.tr\/#breadcrumb\"},\"inLanguage\":\"tr\",\"potentialAction\":[{\"@type\":\"ReadAction\",\"target\":[\"https:\/\/sahgrafik.com.tr\/\"]}]},{\"@type\":\"ImageObject\",\"inLanguage\":\"tr\",\"@id\":\"https:\/\/sahgrafik.com.tr\/#primaryimage\",\"url\":\"\",\"contentUrl\":\"\"},{\"@type\":\"BreadcrumbList\",\"@id\":\"https:\/\/sahgrafik.com.tr\/#breadcrumb\",\"itemListElement\":[{\"@type\":\"ListItem\",\"position\":1,\"name\":\"Anasayfa\",\"item\":\"https:\/\/sahgrafik.com.tr\/\"},{\"@type\":\"ListItem\",\"position\":2,\"name\":\"Ana Sayfa\"}]},{\"@type\":\"WebSite\",\"@id\":\"https:\/\/sahgrafik.com.tr\/#website\",\"url\":\"https:\/\/sahgrafik.com.tr\/\",\"name\":\"\u015eAH Grafik Tasar\u0131m\",\"description\":\"Graf\u015fk Tasar\u0131m\",\"potentialAction\":[{\"@type\":\"SearchAction\",\"target\":{\"@type\":\"EntryPoint\",\"urlTemplate\":\"https:\/\/sahgrafik.com.tr\/?s={search_term_string}\"},\"query-input\":{\"@type\":\"PropertyValueSpecification\",\"valueRequired\":true,\"valueName\":\"search_term_string\"}}],\"inLanguage\":\"tr\"}]}<\/script>\n<!-- \/ Yoast SEO plugin. -->","yoast_head_json":{"title":"Ana Sayfa - \u015eAH Grafik Tasar\u0131m","robots":{"index":"index","follow":"follow","max-snippet":"max-snippet:-1","max-image-preview":"max-image-preview:large","max-video-preview":"max-video-preview:-1"},"canonical":"https:\/\/sahgrafik.com.tr\/","og_locale":"tr_TR","og_type":"article","og_title":"Ana Sayfa - \u015eAH Grafik Tasar\u0131m","og_description":"Yerel \u0130\u015fletme Online Ma\u011fza Portf\u00f6y Hizmetlerimiz Marka Tasar\u0131m\u0131 Markan\u0131z\u0131n hikayesini g\u00fc\u00e7l\u00fc bir kimlikle anlat\u0131n. Grafik Tasar\u0131m Yarat\u0131c\u0131 fikirlerle g\u00f6rsel d\u00fcnyan\u0131z\u0131 [&hellip;]","og_url":"https:\/\/sahgrafik.com.tr\/","og_site_name":"\u015eAH Grafik Tasar\u0131m","article_modified_time":"2024-11-20T20:28:52+00:00","og_image":[{"url":"https:\/\/sahgrafik.com.tr\/wp-content\/themes\/astra\/inc\/assets\/images\/starter-content\/hero-img.svg"}],"twitter_card":"summary_large_image","twitter_misc":{"Tahmini okuma s\u00fcresi":"5 dakika"},"schema":{"@context":"https:\/\/schema.org","@graph":[{"@type":"WebPage","@id":"https:\/\/sahgrafik.com.tr\/","url":"https:\/\/sahgrafik.com.tr\/","name":"Ana Sayfa - \u015eAH Grafik Tasar\u0131m","isPartOf":{"@id":"https:\/\/sahgrafik.com.tr\/#website"},"primaryImageOfPage":{"@id":"https:\/\/sahgrafik.com.tr\/#primaryimage"},"image":{"@id":"https:\/\/sahgrafik.com.tr\/#primaryimage"},"thumbnailUrl":"https:\/\/sahgrafik.com.tr\/wp-content\/themes\/astra\/inc\/assets\/images\/starter-content\/hero-img.svg","datePublished":"2024-11-20T19:29:39+00:00","dateModified":"2024-11-20T20:28:52+00:00","breadcrumb":{"@id":"https:\/\/sahgrafik.com.tr\/#breadcrumb"},"inLanguage":"tr","potentialAction":[{"@type":"ReadAction","target":["https:\/\/sahgrafik.com.tr\/"]}]},{"@type":"ImageObject","inLanguage":"tr","@id":"https:\/\/sahgrafik.com.tr\/#primaryimage","url":"","contentUrl":""},{"@type":"BreadcrumbList","@id":"https:\/\/sahgrafik.com.tr\/#breadcrumb","itemListElement":[{"@type":"ListItem","position":1,"name":"Anasayfa","item":"https:\/\/sahgrafik.com.tr\/"},{"@type":"ListItem","position":2,"name":"Ana Sayfa"}]},{"@type":"WebSite","@id":"https:\/\/sahgrafik.com.tr\/#website","url":"https:\/\/sahgrafik.com.tr\/","name":"\u015eAH Grafik Tasar\u0131m","description":"Graf\u015fk Tasar\u0131m","potentialAction":[{"@type":"SearchAction","target":{"@type":"EntryPoint","urlTemplate":"https:\/\/sahgrafik.com.tr\/?s={search_term_string}"},"query-input":{"@type":"PropertyValueSpecification","valueRequired":true,"valueName":"search_term_string"}}],"inLanguage":"tr"}]}},"_links":{"self":[{"href":"https:\/\/sahgrafik.com.tr\/index.php\/wp-json\/wp\/v2\/pages\/11","targetHints":{"allow":["GET"]}}],"collection":[{"href":"https:\/\/sahgrafik.com.tr\/index.php\/wp-json\/wp\/v2\/pages"}],"about":[{"href":"https:\/\/sahgrafik.com.tr\/index.php\/wp-json\/wp\/v2\/types\/page"}],"author":[{"embeddable":true,"href":"https:\/\/sahgrafik.com.tr\/index.php\/wp-json\/wp\/v2\/users\/1"}],"replies":[{"embeddable":true,"href":"https:\/\/sahgrafik.com.tr\/index.php\/wp-json\/wp\/v2\/comments?post=11"}],"version-history":[{"count":6,"href":"https:\/\/sahgrafik.com.tr\/index.php\/wp-json\/wp\/v2\/pages\/11\/revisions"}],"predecessor-version":[{"id":36,"href":"https:\/\/sahgrafik.com.tr\/index.php\/wp-json\/wp\/v2\/pages\/11\/revisions\/36"}],"wp:attachment":[{"href":"https:\/\/sahgrafik.com.tr\/index.php\/wp-json\/wp\/v2\/media?parent=11"}],"curies":[{"name":"wp","href":"https:\/\/api.w.org\/{rel}","templated":true}]}}